{"id":573,"date":"2023-10-05T21:10:47","date_gmt":"2023-10-05T19:10:47","guid":{"rendered":"https:\/\/xinux.de\/?page_id=573"},"modified":"2023-10-13T10:20:48","modified_gmt":"2023-10-13T08:20:48","slug":"firewall-vpn-und-kryptographische-konzepte-der-it-sicherheit","status":"publish","type":"page","link":"https:\/\/xinux.de\/?page_id=573","title":{"rendered":"Firewall, VPN und kryptographische Konzepte der IT"},"content":{"rendered":"<p><!-- Lehrgangsdauer --><\/p>\n<h1 class=\"wp-block-heading\">Lehrgangsdauer<\/h1>\n<p>5 Tage<\/p>\n<p><!-- Zielgruppe --><\/p>\n<h1 class=\"wp-block-heading\">Zielgruppe<\/h1>\n<p>IT-Profis und Systemadministratoren, die ihre Kenntnisse im Bereich Kryptographie, PKI und Netzwerksicherheit erweitern m\u00f6chten.<\/p>\n<p><!-- Voraussetzungen --><\/p>\n<h1 class=\"wp-block-heading\">Voraussetzungen<\/h1>\n<p>Grundlegende Kenntnisse in Netzwerktechnologien und IT-Sicherheit.<\/p>\n<p><!-- Beschreibung --><\/p>\n<h1 class=\"wp-block-heading\">Beschreibung<\/h1>\n<p>Dieser Kurs vermittelt grundlegende Kenntnisse in Kryptographie, Public Key Infrastructure (PKI) und Netzwerksicherheit. Die Teilnehmer werden in die verschiedenen Authentifizierungsmethoden, Verschl\u00fcsselungsprotokolle, Firewall-L\u00f6sungen und Zugangssicherungsmechanismen eingef\u00fchrt. Dar\u00fcber hinaus lernen sie, Angriffsmethoden zu erkennen und abzuwehren.<\/p>\n<p><!-- Inhalte\/Themen --><\/p>\n<h1 class=\"wp-block-heading\">Inhalte\/Themen<\/h1>\n<ul>\n<li>Erkennen und Abwehren von Angriffsmethoden<\/li>\n<li>Kryptographische Konzepte und PKI (Public Key Infrastructure)<\/li>\n<li>Authentifizierungsarten (Passw\u00f6rter, Public Keys, Tokens, API-Keys)<\/li>\n<li>PKI Aufbau<\/li>\n<li>Verschl\u00fcsselungsprotokolle (SSH, SSL, IPsec, OpenVPN)<\/li>\n<li>Firewall\/Proxy-Konzepte<\/li>\n<li>IDS\/IPS<\/li>\n<li>Firewall-L\u00f6sungen (OPNsense, Microsoft Firewall)<\/li>\n<li>Zugangssicherung (IEEE 802.1X, Radius)<\/li>\n<\/ul>\n<p><!-- Schulungsart --><\/p>\n<h1 class=\"wp-block-heading\">Schulungsart<\/h1>\n<p>Online-Schulung<\/p>\n<p><!-- Datum --><\/p>\n<h1 class=\"wp-block-heading\">Datum<\/h1>\n<p>Offen<\/p>\n<p><!-- Preis --><\/p>\n<h1 class=\"wp-block-heading\">Preis<\/h1>\n<p>2500\u20ac zuz\u00fcgl. 19% USt. (= 2975\u20ac brutto)<\/p>\n\n\n<h1 class=\"wp-block-heading\">Anmeldung<\/h1>\n\n\n\n<p>Senden Sie f\u00fcr die Anmeldung eine E-Mail an <a href=\"mailto:schulung@xinux.de\">schulung@xinux.de<\/a> mit den gew\u00fcnschten Kurs und Termin<\/p>\n","protected":false},"excerpt":{"rendered":"<p>Lehrgangsdauer 5 Tage Zielgruppe IT-Profis und Systemadministratoren, die ihre Kenntnisse im Bereich Kryptographie, PKI und Netzwerksicherheit erweitern m\u00f6chten. Voraussetzungen Grundlegende Kenntnisse in Netzwerktechnologien und IT-Sicherheit. Beschreibung Dieser Kurs vermittelt grundlegende Kenntnisse in Kryptographie, Public Key Infrastructure (PKI) und Netzwerksicherheit. Die Teilnehmer werden in die verschiedenen Authentifizierungsmethoden, Verschl\u00fcsselungsprotokolle, Firewall-L\u00f6sungen und Zugangssicherungsmechanismen eingef\u00fchrt. Dar\u00fcber hinaus lernen sie, [&hellip;]<\/p>\n","protected":false},"author":1,"featured_media":0,"parent":0,"menu_order":0,"comment_status":"closed","ping_status":"closed","template":"","meta":{"_monsterinsights_skip_tracking":false,"_monsterinsights_sitenote_active":false,"_monsterinsights_sitenote_note":"","_monsterinsights_sitenote_category":0,"footnotes":""},"class_list":["post-573","page","type-page","status-publish","hentry"],"aioseo_notices":[],"_links":{"self":[{"href":"https:\/\/xinux.de\/index.php?rest_route=\/wp\/v2\/pages\/573","targetHints":{"allow":["GET"]}}],"collection":[{"href":"https:\/\/xinux.de\/index.php?rest_route=\/wp\/v2\/pages"}],"about":[{"href":"https:\/\/xinux.de\/index.php?rest_route=\/wp\/v2\/types\/page"}],"author":[{"embeddable":true,"href":"https:\/\/xinux.de\/index.php?rest_route=\/wp\/v2\/users\/1"}],"replies":[{"embeddable":true,"href":"https:\/\/xinux.de\/index.php?rest_route=%2Fwp%2Fv2%2Fcomments&post=573"}],"version-history":[{"count":3,"href":"https:\/\/xinux.de\/index.php?rest_route=\/wp\/v2\/pages\/573\/revisions"}],"predecessor-version":[{"id":623,"href":"https:\/\/xinux.de\/index.php?rest_route=\/wp\/v2\/pages\/573\/revisions\/623"}],"wp:attachment":[{"href":"https:\/\/xinux.de\/index.php?rest_route=%2Fwp%2Fv2%2Fmedia&parent=573"}],"curies":[{"name":"wp","href":"https:\/\/api.w.org\/{rel}","templated":true}]}}