{"id":502,"date":"2023-10-04T19:19:07","date_gmt":"2023-10-04T17:19:07","guid":{"rendered":"https:\/\/www.xinux.de\/?page_id=502"},"modified":"2023-10-05T16:31:33","modified_gmt":"2023-10-05T14:31:33","slug":"workshops","status":"publish","type":"page","link":"https:\/\/xinux.de\/?page_id=502","title":{"rendered":"Workshops"},"content":{"rendered":"\n<p>M\u00f6chten Sie Ihre F\u00e4higkeiten ausbauen, neues Wissen erwerben oder sich in einem bestimmten Bereich vertiefen? Dann sind Workshops die perfekte L\u00f6sung f\u00fcr Sie!<\/p>\n\n\n\n<p><strong>Was sind Workshops?<\/strong><\/p>\n\n\n\n<p>Workshops sind lebendige, praxisorientierte Schulungsveranstaltungen, bei denen Sie aktiv lernen und anwenden k\u00f6nnen. Sie bieten eine gro\u00dfartige Gelegenheit, Ihr Wissen und Ihre F\u00e4higkeiten zu erweitern, sei es in Ihrem Beruf oder einfach aus pers\u00f6nlichem Interesse.<\/p>\n\n\n\n<p><strong>Warum sollten Sie an Workshops teilnehmen?<\/strong><\/p>\n\n\n\n<ol class=\"wp-block-list\">\n<li><strong>Praktische Erfahrungen<\/strong>: Vergessen Sie langweilige Theorie! In Workshops k\u00f6nnen Sie das Gelernte sofort in die Praxis umsetzen. Ob Programmierung, Netzwerkadministration, kreative Kunst oder Kommunikationsf\u00e4higkeiten &#8211; hier geht es ums Handeln!<\/li>\n\n\n\n<li><strong>Interaktion<\/strong>: Lernen Sie von Experten und tauschen Sie sich mit anderen Teilnehmern aus. Fragen Sie, diskutieren Sie und teilen Sie Ihre Ideen. Workshops sind Orte des aktiven Austauschs.<\/li>\n\n\n\n<li><strong>Pers\u00f6nliche Aufmerksamkeit<\/strong>: Unsere Workshops haben begrenzte Teilnehmerzahlen, um sicherzustellen, dass Sie individuelle Betreuung erhalten. Ihre Fragen werden geh\u00f6rt und beantwortet.<\/li>\n\n\n\n<li><strong>Expertenlehrer<\/strong>: Unsere Workshop-Leiter sind erfahrene Experten auf ihrem Gebiet. Sie bringen Ihnen nicht nur Wissen bei, sondern teilen auch ihre Praxiserfahrungen.<\/li>\n\n\n\n<li><strong>Konkrete Lernziele<\/strong>: Jeder Workshop hat klare Lernziele. Sie wissen immer, was Sie am Ende des Workshops erreichen werden.<\/li>\n\n\n\n<li><strong>Flexibilit\u00e4t<\/strong>: Workshops sind in verschiedenen Formaten verf\u00fcgbar, von kurzen Tagesveranstaltungen bis hin zu mehrt\u00e4gigen Intensivkursen. Finden Sie den Workshop, der zu Ihrem Zeitplan passt.<\/li>\n\n\n\n<li><strong>Zertifikate<\/strong>: In einigen F\u00e4llen erhalten Sie nach Abschluss eines Workshops ein Zertifikat, das Ihre neu erworbenen F\u00e4higkeiten oder Kenntnisse best\u00e4tigt.<\/li>\n<\/ol>\n\n\n\n<p><strong>F\u00fcr wen sind Workshops geeignet?<\/strong><\/p>\n\n\n\n<p>Workshops sind f\u00fcr jeden, der bereit ist zu lernen. Sie sind ideal f\u00fcr Berufst\u00e4tige, Studenten, IT-Enthusiasten, Kreative, Manager und alle dazwischen.<\/p>\n\n\n\n<p><strong>Bereit, Ihre F\u00e4higkeiten auf das n\u00e4chste Level zu heben?<\/strong> Schauen Sie sich unsere aktuellen Workshops an und beginnen Sie Ihre Lernreise noch heute!<\/p>\n\n\n\n<p><\/p>\n\n\n\n<p><a href=\"https:\/\/xinux.de\/?page_id=500\" title=\"TrueNas Workshop\">TrueNAS Workshop<\/a><\/p>\n\n\n\n<p><a href=\"https:\/\/xinux.de\/?page_id=498\" title=\"PFSense\">pfSense Workshop<\/a><\/p>\n\n\n\n<p><a href=\"https:\/\/xinux.de\/?page_id=496\" title=\"Workshop OPNSense\">OPNsense Workshop<\/a><\/p>\n\n\n\n<p><a href=\"https:\/\/xinux.de\/?page_id=510\" title=\"Greenbone Security Manager&nbsp;\">Greenbone Security Manager<\/a><\/p>\n\n\n\n<p><a href=\"https:\/\/xinux.de\/?page_id=542\" title=\"Nessus Security Scanner\">Nessus Security Scanner<\/a><\/p>\n\n\n\n<hr class=\"wp-block-separator has-alpha-channel-opacity\"\/>\n","protected":false},"excerpt":{"rendered":"<p>M\u00f6chten Sie Ihre F\u00e4higkeiten ausbauen, neues Wissen erwerben oder sich in einem bestimmten Bereich vertiefen? Dann sind Workshops die perfekte L\u00f6sung f\u00fcr Sie! Was sind Workshops? Workshops sind lebendige, praxisorientierte Schulungsveranstaltungen, bei denen Sie aktiv lernen und anwenden k\u00f6nnen. Sie bieten eine gro\u00dfartige Gelegenheit, Ihr Wissen und Ihre F\u00e4higkeiten zu erweitern, sei es in Ihrem [&hellip;]<\/p>\n","protected":false},"author":1,"featured_media":0,"parent":0,"menu_order":0,"comment_status":"closed","ping_status":"closed","template":"","meta":{"_monsterinsights_skip_tracking":false,"_monsterinsights_sitenote_active":false,"_monsterinsights_sitenote_note":"","_monsterinsights_sitenote_category":0,"footnotes":""},"class_list":["post-502","page","type-page","status-publish","hentry"],"aioseo_notices":[],"_links":{"self":[{"href":"https:\/\/xinux.de\/index.php?rest_route=\/wp\/v2\/pages\/502","targetHints":{"allow":["GET"]}}],"collection":[{"href":"https:\/\/xinux.de\/index.php?rest_route=\/wp\/v2\/pages"}],"about":[{"href":"https:\/\/xinux.de\/index.php?rest_route=\/wp\/v2\/types\/page"}],"author":[{"embeddable":true,"href":"https:\/\/xinux.de\/index.php?rest_route=\/wp\/v2\/users\/1"}],"replies":[{"embeddable":true,"href":"https:\/\/xinux.de\/index.php?rest_route=%2Fwp%2Fv2%2Fcomments&post=502"}],"version-history":[{"count":3,"href":"https:\/\/xinux.de\/index.php?rest_route=\/wp\/v2\/pages\/502\/revisions"}],"predecessor-version":[{"id":560,"href":"https:\/\/xinux.de\/index.php?rest_route=\/wp\/v2\/pages\/502\/revisions\/560"}],"wp:attachment":[{"href":"https:\/\/xinux.de\/index.php?rest_route=%2Fwp%2Fv2%2Fmedia&parent=502"}],"curies":[{"name":"wp","href":"https:\/\/api.w.org\/{rel}","templated":true}]}}