{"id":451,"date":"2023-10-04T17:32:13","date_gmt":"2023-10-04T15:32:13","guid":{"rendered":"https:\/\/www.xinux.de\/?page_id=451"},"modified":"2023-10-13T09:24:05","modified_gmt":"2023-10-13T07:24:05","slug":"cyber-abwehr","status":"publish","type":"page","link":"https:\/\/xinux.de\/?page_id=451","title":{"rendered":"Cyberabwehr"},"content":{"rendered":"\n<h1 class=\"wp-block-heading\">Lehrgangsdauer<\/h1>\n\n\n\n<p>5 Tage<\/p>\n\n\n\n<h1 class=\"wp-block-heading\">Zielgruppe<\/h1>\n\n\n\n<ul class=\"wp-block-list\">\n<li>Sicherheitsexperten<\/li>\n\n\n\n<li>IT-Profis<\/li>\n\n\n\n<li>Netzwerkadministratoren<\/li>\n\n\n\n<li>Incident-Response-Teams<\/li>\n\n\n\n<li>Jeder, der f\u00fcr die Sicherheit von Informationssystemen verantwortlich ist<\/li>\n<\/ul>\n\n\n\n<h1 class=\"wp-block-heading\">Voraussetzungen<\/h1>\n\n\n\n<ul class=\"wp-block-list\">\n<li>Grundlegende Kenntnisse in Cybersecurity und Informationssicherheit werden empfohlen.<\/li>\n<\/ul>\n\n\n\n<h1 class=\"wp-block-heading\">Beschreibung\/Ziel<\/h1>\n\n\n\n<p>Dieser Lehrgang konzentriert sich auf die Prinzipien, Strategien und Taktiken der Cyberabwehr. Die Teilnehmer lernen, wie sie effektive Abwehrma\u00dfnahmen entwickeln und implementieren k\u00f6nnen, um sich vor Cyberangriffen zu sch\u00fctzen und auf Sicherheitsvorf\u00e4lle angemessen zu reagieren. Cyberabwehr ist ein entscheidender Aspekt der Informationssicherheit, und dieser Kurs vermittelt die notwendigen F\u00e4higkeiten, um Bedrohungen zu erkennen, zu analysieren und abzuwehren.<\/p>\n\n\n\n<h1 class=\"wp-block-heading\">Inhalte \/ Themen<\/h1>\n\n\n\n<h2 class=\"wp-block-heading\">Einf\u00fchrung in die Cyberabwehr:<\/h2>\n\n\n\n<ul class=\"wp-block-list\">\n<li>Bedeutung und Herausforderungen der Cyberabwehr. <\/li>\n\n\n\n<li>Aktuelle Bedrohungslandschaft und Angriffstypen.<\/li>\n<\/ul>\n\n\n\n<h2 class=\"wp-block-heading\">Prinzipien der Cyberabwehr:<\/h2>\n\n\n\n<ul class=\"wp-block-list\">\n<li>Identifikation von Schwachstellen und Risiken. <\/li>\n\n\n\n<li>Aufbau einer wirksamen Verteidigungsstruktur.<\/li>\n<\/ul>\n\n\n\n<h2 class=\"wp-block-heading\">Erkennung und Analyse von Bedrohungen:<\/h2>\n\n\n\n<ul class=\"wp-block-list\">\n<li>Security Information and Event Management (SIEM). <\/li>\n\n\n\n<li>Bedrohungsinformationen und -analyse.<\/li>\n<\/ul>\n\n\n\n<h2 class=\"wp-block-heading\">Reaktion auf Sicherheitsvorf\u00e4lle:<\/h2>\n\n\n\n<ul class=\"wp-block-list\">\n<li>Incident Response-Planung und -Durchf\u00fchrung. <\/li>\n\n\n\n<li>Forensische Untersuchung und Beweissicherung.<\/li>\n<\/ul>\n\n\n\n<h2 class=\"wp-block-heading\">Sicherheitsma\u00dfnahmen und Abwehrstrategien:<\/h2>\n\n\n\n<ul class=\"wp-block-list\">\n<li>Netzwerksicherheit und Perimeter-Abwehr.<\/li>\n\n\n\n<li>Endpunktsicherheit und Malware-Bek\u00e4mpfung<\/li>\n<\/ul>\n\n\n\n<h2 class=\"wp-block-heading\">Sicherheitsbewusstsein und Schulung:<\/h2>\n\n\n\n<ul class=\"wp-block-list\">\n<li>Sensibilisierung der Mitarbeiter f\u00fcr Sicherheitsrisiken.<\/li>\n\n\n\n<li>Sicherheitsrichtlinien und Schulungsprogramme<\/li>\n<\/ul>\n\n\n\n<h1 class=\"wp-block-heading\">Schulungsart<\/h1>\n\n\n\n<ul class=\"wp-block-list\">\n<li>Onlineschulung<\/li>\n<\/ul>\n\n\n\n<h1 class=\"wp-block-heading\">Datum<\/h1>\n\n\n\n<ul class=\"wp-block-list\">\n<li>29.01. &#8211; 02.02.2024<\/li>\n\n\n\n<li>03.06. &#8211; 07.06.2024<\/li>\n<\/ul>\n\n\n\n<h1 class=\"wp-block-heading\">Preis<\/h1>\n\n\n\n<p>2500\u20ac zuz\u00fcgl. 19% USt. (= 2975\u20ac brutto)<\/p>\n\n\n\n<h2 class=\"wp-block-heading\">Anmeldung<\/h2>\n\n\n\n<p>Senden Sie f\u00fcr die Anmeldung eine E-Mail an <a href=\"mailto:schulung@xinux.de\">schulung@xinux.de<\/a> mit den gew\u00fcnschten Kurs und Termin<\/p>\n","protected":false},"excerpt":{"rendered":"<p>Lehrgangsdauer 5 Tage Zielgruppe Voraussetzungen Beschreibung\/Ziel Dieser Lehrgang konzentriert sich auf die Prinzipien, Strategien und Taktiken der Cyberabwehr. Die Teilnehmer lernen, wie sie effektive Abwehrma\u00dfnahmen entwickeln und implementieren k\u00f6nnen, um sich vor Cyberangriffen zu sch\u00fctzen und auf Sicherheitsvorf\u00e4lle angemessen zu reagieren. Cyberabwehr ist ein entscheidender Aspekt der Informationssicherheit, und dieser Kurs vermittelt die notwendigen F\u00e4higkeiten, [&hellip;]<\/p>\n","protected":false},"author":1,"featured_media":0,"parent":0,"menu_order":0,"comment_status":"closed","ping_status":"closed","template":"","meta":{"_monsterinsights_skip_tracking":false,"_monsterinsights_sitenote_active":false,"_monsterinsights_sitenote_note":"","_monsterinsights_sitenote_category":0,"footnotes":""},"class_list":["post-451","page","type-page","status-publish","hentry"],"aioseo_notices":[],"_links":{"self":[{"href":"https:\/\/xinux.de\/index.php?rest_route=\/wp\/v2\/pages\/451","targetHints":{"allow":["GET"]}}],"collection":[{"href":"https:\/\/xinux.de\/index.php?rest_route=\/wp\/v2\/pages"}],"about":[{"href":"https:\/\/xinux.de\/index.php?rest_route=\/wp\/v2\/types\/page"}],"author":[{"embeddable":true,"href":"https:\/\/xinux.de\/index.php?rest_route=\/wp\/v2\/users\/1"}],"replies":[{"embeddable":true,"href":"https:\/\/xinux.de\/index.php?rest_route=%2Fwp%2Fv2%2Fcomments&post=451"}],"version-history":[{"count":17,"href":"https:\/\/xinux.de\/index.php?rest_route=\/wp\/v2\/pages\/451\/revisions"}],"predecessor-version":[{"id":590,"href":"https:\/\/xinux.de\/index.php?rest_route=\/wp\/v2\/pages\/451\/revisions\/590"}],"wp:attachment":[{"href":"https:\/\/xinux.de\/index.php?rest_route=%2Fwp%2Fv2%2Fmedia&parent=451"}],"curies":[{"name":"wp","href":"https:\/\/api.w.org\/{rel}","templated":true}]}}