{"id":436,"date":"2023-10-04T16:53:38","date_gmt":"2023-10-04T14:53:38","guid":{"rendered":"https:\/\/www.xinux.de\/?page_id=436"},"modified":"2023-10-13T10:18:32","modified_gmt":"2023-10-13T08:18:32","slug":"vmware-vsphere","status":"publish","type":"page","link":"https:\/\/xinux.de\/?page_id=436","title":{"rendered":"VMware vSphere"},"content":{"rendered":"\n<h1 class=\"wp-block-heading\">Lehrgangsdauer<\/h1>\n\n\n\n<p>5 Tage<\/p>\n\n\n\n<h1 class=\"wp-block-heading\">Zielgruppe<\/h1>\n\n\n\n<ul class=\"wp-block-list\">\n<li>IT-Profis<\/li>\n\n\n\n<li>Systemadministratoren<\/li>\n\n\n\n<li>Netzwerkadministratoren<\/li>\n\n\n\n<li>Cloud-Administratoren<\/li>\n\n\n\n<li>Jeder, der VMware vSphere kennenlernen m\u00f6chte<\/li>\n<\/ul>\n\n\n\n<h1 class=\"wp-block-heading\">Voraussetzungen<\/h1>\n\n\n\n<ul class=\"wp-block-list\">\n<li>Grundlegende IT-Kenntnisse<\/li>\n\n\n\n<li>Erfahrung mit virtuellen Umgebungen ist von Vorteil, aber nicht zwingend erforderlich.<\/li>\n<\/ul>\n\n\n\n<h1 class=\"wp-block-heading\">Beschreibung\/Ziel<\/h1>\n\n\n\n<p>Dieser Lehrgang bietet eine umfassende Einf\u00fchrung in VMware vSphere, eine der f\u00fchrenden Virtualisierungs- und Cloud-Management-Plattformen. Die Teilnehmer lernen, wie sie vSphere verwenden k\u00f6nnen, um virtuelle Umgebungen effizient zu verwalten, Ressourcen zu optimieren und die Flexibilit\u00e4t ihrer IT-Infrastrukturen zu erh\u00f6hen.<\/p>\n\n\n\n<h1 class=\"wp-block-heading\">Inhalte \/ Themen<\/h1>\n\n\n\n<ul class=\"wp-block-list\">\n<li>Einf\u00fchrung in VMware vSphere<\/li>\n\n\n\n<li>Bedeutung und Vorteile der Virtualisierung. &#8211; \u00dcbersicht \u00fcber die vSphere-Plattform.<\/li>\n\n\n\n<li>Installation und Konfiguration:<\/li>\n\n\n\n<li>Installation von ESXi und vCenter Server. &#8211; Konfiguration von Hosts und Clustern.<\/li>\n\n\n\n<li>Virtualisierung und Ressourcenmanagement<\/li>\n\n\n\n<li>Erstellung und Verwaltung von virtuellen Maschinen (VMs).<\/li>\n\n\n\n<li>Ressourcenpools und Ressourcenverwaltung.<\/li>\n\n\n\n<li>Hochverf\u00fcgbarkeit und Ausfallsicherheit.<\/li>\n\n\n\n<li>Clustering und Failover. <\/li>\n\n\n\n<li>Backup und Wiederherstellung.<\/li>\n\n\n\n<li>Netzwerk- und Storage-Virtualisierung:<\/li>\n\n\n\n<li>Konfiguration von virtuellen Netzwerken.<\/li>\n\n\n\n<li>Storage-Verwaltung und -Optimierung.<\/li>\n\n\n\n<li>Cloud-Management und Automation.<\/li>\n\n\n\n<li>Einsatz von vRealize Automation. <\/li>\n\n\n\n<li>Automatisierung von Aufgaben und Prozessen.<\/li>\n\n\n\n<li>Sicherheit und Compliance.<\/li>\n\n\n\n<li>Sicherheitsrichtlinien und -konfiguration. <\/li>\n\n\n\n<li>Compliance-\u00dcberwachung und -Berichterstellung.<\/li>\n<\/ul>\n\n\n\n<h1 class=\"wp-block-heading\">Schulungsart<\/h1>\n\n\n\n<ul class=\"wp-block-list\">\n<li>Onlineschulung<\/li>\n<\/ul>\n\n\n\n<h1 class=\"wp-block-heading\">Datum<\/h1>\n\n\n\n<ul class=\"wp-block-list\">\n<li>23.09. &#8211; 27.09.2024<\/li>\n\n\n\n<li>25.11. &#8211; 29.11.2024<\/li>\n<\/ul>\n\n\n\n<h1 class=\"wp-block-heading\">Preis<\/h1>\n\n\n\n<ul class=\"wp-block-list\">\n<li>2500\u20ac zuz\u00fcgl. 19% USt. (= 2975\u20ac brutto)<\/li>\n<\/ul>\n\n\n\n<h1 class=\"wp-block-heading\">Anmeldung<\/h1>\n\n\n\n<p>Senden Sie f\u00fcr die Anmeldung eine E-Mail an <a href=\"mailto:schulung@xinux.de\">schulung@xinux.de<\/a> mit den gew\u00fcnschten Kurs und Termin<\/p>\n","protected":false},"excerpt":{"rendered":"<p>Lehrgangsdauer 5 Tage Zielgruppe Voraussetzungen Beschreibung\/Ziel Dieser Lehrgang bietet eine umfassende Einf\u00fchrung in VMware vSphere, eine der f\u00fchrenden Virtualisierungs- und Cloud-Management-Plattformen. Die Teilnehmer lernen, wie sie vSphere verwenden k\u00f6nnen, um virtuelle Umgebungen effizient zu verwalten, Ressourcen zu optimieren und die Flexibilit\u00e4t ihrer IT-Infrastrukturen zu erh\u00f6hen. Inhalte \/ Themen Schulungsart Datum Preis Anmeldung Senden Sie f\u00fcr [&hellip;]<\/p>\n","protected":false},"author":1,"featured_media":0,"parent":0,"menu_order":0,"comment_status":"closed","ping_status":"closed","template":"","meta":{"_monsterinsights_skip_tracking":false,"_monsterinsights_sitenote_active":false,"_monsterinsights_sitenote_note":"","_monsterinsights_sitenote_category":0,"footnotes":""},"class_list":["post-436","page","type-page","status-publish","hentry"],"aioseo_notices":[],"_links":{"self":[{"href":"https:\/\/xinux.de\/index.php?rest_route=\/wp\/v2\/pages\/436","targetHints":{"allow":["GET"]}}],"collection":[{"href":"https:\/\/xinux.de\/index.php?rest_route=\/wp\/v2\/pages"}],"about":[{"href":"https:\/\/xinux.de\/index.php?rest_route=\/wp\/v2\/types\/page"}],"author":[{"embeddable":true,"href":"https:\/\/xinux.de\/index.php?rest_route=\/wp\/v2\/users\/1"}],"replies":[{"embeddable":true,"href":"https:\/\/xinux.de\/index.php?rest_route=%2Fwp%2Fv2%2Fcomments&post=436"}],"version-history":[{"count":3,"href":"https:\/\/xinux.de\/index.php?rest_route=\/wp\/v2\/pages\/436\/revisions"}],"predecessor-version":[{"id":619,"href":"https:\/\/xinux.de\/index.php?rest_route=\/wp\/v2\/pages\/436\/revisions\/619"}],"wp:attachment":[{"href":"https:\/\/xinux.de\/index.php?rest_route=%2Fwp%2Fv2%2Fmedia&parent=436"}],"curies":[{"name":"wp","href":"https:\/\/api.w.org\/{rel}","templated":true}]}}