{"id":433,"date":"2023-10-04T16:48:43","date_gmt":"2023-10-04T14:48:43","guid":{"rendered":"https:\/\/www.xinux.de\/?page_id=433"},"modified":"2023-10-05T16:26:06","modified_gmt":"2023-10-05T14:26:06","slug":"virtualisierung","status":"publish","type":"page","link":"https:\/\/xinux.de\/?page_id=433","title":{"rendered":"Virtualisierung"},"content":{"rendered":"\n<p>Unsere Virtualisierungskurse bieten eine gr\u00fcndliche Einf\u00fchrung in verschiedene Virtualisierungstechnologien und -plattformen. Virtualisierung ist eine Schl\u00fcsselkomponente in der modernen IT-Infrastruktur und erm\u00f6glicht die effiziente Nutzung von Ressourcen, die Flexibilit\u00e4t bei der Bereitstellung von Anwendungen und die Optimierung von IT-Ressourcen.<\/p>\n\n\n\n<p>In unseren Kursen lernen Sie, wie Sie Virtualisierungsl\u00f6sungen implementieren, verwalten und optimieren k\u00f6nnen, um die Anforderungen Ihrer Organisation zu erf\u00fcllen. Wir bieten Schulungen f\u00fcr verschiedene Virtualisierungsplattformen, darunter VMware, Hyper-V, VirtualBox, KVM\/QEMU, Proxmox, und XCP-NG.<\/p>\n\n\n\n<p>Unsere erfahrenen Dozenten vermitteln Ihnen praxisnahe Kenntnisse und F\u00e4higkeiten, um virtuelle Umgebungen effektiv zu nutzen. Egal, ob Sie Ihre Kenntnisse in der Virtualisierung erweitern oder eine Zertifizierung anstreben, unsere Kurse bieten Ihnen das erforderliche Wissen und die praktische Erfahrung, um erfolgreich in der Welt der Virtualisierung zu navigieren.<\/p>\n\n\n\n<p><a href=\"https:\/\/xinux.de\/?page_id=439\" title=\"Proxmox\">Proxmox<\/a><\/p>\n\n\n\n<p><a href=\"https:\/\/xinux.de\/?page_id=436\" title=\"VMware vSphere\">VMware vSphere<\/a><\/p>\n\n\n\n<p><a href=\"https:\/\/xinux.de\/?page_id=443\" title=\"Hyper-V\">Hyper-V<\/a><\/p>\n\n\n\n<p><a href=\"https:\/\/xinux.de\/?page_id=466\" title=\"KVM\/QEMU\">KVM\/QEMU<\/a><\/p>\n\n\n\n<p><a href=\"https:\/\/xinux.de\/?page_id=469\" title=\"xcp-ng\">XCP-ng<\/a><\/p>\n","protected":false},"excerpt":{"rendered":"<p>Unsere Virtualisierungskurse bieten eine gr\u00fcndliche Einf\u00fchrung in verschiedene Virtualisierungstechnologien und -plattformen. Virtualisierung ist eine Schl\u00fcsselkomponente in der modernen IT-Infrastruktur und erm\u00f6glicht die effiziente Nutzung von Ressourcen, die Flexibilit\u00e4t bei der Bereitstellung von Anwendungen und die Optimierung von IT-Ressourcen. In unseren Kursen lernen Sie, wie Sie Virtualisierungsl\u00f6sungen implementieren, verwalten und optimieren k\u00f6nnen, um die Anforderungen Ihrer [&hellip;]<\/p>\n","protected":false},"author":1,"featured_media":0,"parent":0,"menu_order":0,"comment_status":"closed","ping_status":"closed","template":"","meta":{"_monsterinsights_skip_tracking":false,"_monsterinsights_sitenote_active":false,"_monsterinsights_sitenote_note":"","_monsterinsights_sitenote_category":0,"footnotes":""},"class_list":["post-433","page","type-page","status-publish","hentry"],"aioseo_notices":[],"_links":{"self":[{"href":"https:\/\/xinux.de\/index.php?rest_route=\/wp\/v2\/pages\/433","targetHints":{"allow":["GET"]}}],"collection":[{"href":"https:\/\/xinux.de\/index.php?rest_route=\/wp\/v2\/pages"}],"about":[{"href":"https:\/\/xinux.de\/index.php?rest_route=\/wp\/v2\/types\/page"}],"author":[{"embeddable":true,"href":"https:\/\/xinux.de\/index.php?rest_route=\/wp\/v2\/users\/1"}],"replies":[{"embeddable":true,"href":"https:\/\/xinux.de\/index.php?rest_route=%2Fwp%2Fv2%2Fcomments&post=433"}],"version-history":[{"count":2,"href":"https:\/\/xinux.de\/index.php?rest_route=\/wp\/v2\/pages\/433\/revisions"}],"predecessor-version":[{"id":556,"href":"https:\/\/xinux.de\/index.php?rest_route=\/wp\/v2\/pages\/433\/revisions\/556"}],"wp:attachment":[{"href":"https:\/\/xinux.de\/index.php?rest_route=%2Fwp%2Fv2%2Fmedia&parent=433"}],"curies":[{"name":"wp","href":"https:\/\/api.w.org\/{rel}","templated":true}]}}