{"id":426,"date":"2023-10-04T16:36:42","date_gmt":"2023-10-04T14:36:42","guid":{"rendered":"https:\/\/www.xinux.de\/?page_id=426"},"modified":"2023-10-13T10:16:23","modified_gmt":"2023-10-13T08:16:23","slug":"lpic-1-teil-101","status":"publish","type":"page","link":"https:\/\/xinux.de\/?page_id=426","title":{"rendered":"LPIC-1  Teil 101"},"content":{"rendered":"\n<h1 class=\"wp-block-heading\">Lehrgangsdauer<\/h1>\n\n\n\n<p>5 Tage<\/p>\n\n\n\n<h1 class=\"wp-block-heading\">Zielgruppe<\/h1>\n\n\n\n<p>Dieser Kurs richtet sich an:<\/p>\n\n\n\n<ul class=\"wp-block-list\">\n<li>IT-Profis und angehende Systemadministratoren, die eine offizielle Linux-Zertifizierung anstreben.<\/li>\n\n\n\n<li>Personen mit grundlegenden Linux-Kenntnissen, die ihre F\u00e4higkeiten in der Linux-Systemadministration vertiefen m\u00f6chten.<\/li>\n<\/ul>\n\n\n\n<h1 class=\"wp-block-heading\">Voraussetzungen<\/h1>\n\n\n\n<p>Teilnehmer sollten \u00fcber Folgendes verf\u00fcgen:<\/p>\n\n\n\n<ul class=\"wp-block-list\">\n<li>Grundlegende Linux-Kenntnisse, vergleichbar mit den LPIC-1-Voraussetzungen.<\/li>\n\n\n\n<li>Ein funktionierendes Linux-System oder eine Linux-Virtual Machine (VM).<\/li>\n<\/ul>\n\n\n\n<h1 class=\"wp-block-heading\">Beschreibung<\/h1>\n\n\n\n<p>Dieser Kurs bereitet die Teilnehmer auf die LPIC-1 (Linux Professional Institute Certification &#8211; Teil 1) Zertifizierung vor, die als anerkannter Standard f\u00fcr Linux-Profis gilt. Der Kurs behandelt alle erforderlichen Themen f\u00fcr die LPIC-1 101-Pr\u00fcfung und vermittelt umfassende Kenntnisse in den folgenden Bereichen:<\/p>\n\n\n\n<h1 class=\"wp-block-heading\">Inhalte \/ Themen<\/h1>\n\n\n\n<h2 class=\"wp-block-heading\">Systemarchitektur<\/h2>\n\n\n\n<ul class=\"wp-block-list\">\n<li>Ermitteln und Konfigurieren von Hardware-Einstellungen<\/li>\n\n\n\n<li>Starten des Systems<\/li>\n\n\n\n<li>Wechseln des Runlevels und Steuern von Systemstopps oder Neustarts<\/li>\n<\/ul>\n\n\n\n<h2 class=\"wp-block-heading\">Linux-Installation und -Paketverwaltung<\/h2>\n\n\n\n<ul class=\"wp-block-list\">\n<li>Planung der Festplattenaufteilung<\/li>\n\n\n\n<li>Installation eines Boot-Managers<\/li>\n\n\n\n<li>Verwaltung von Shared Libraries<\/li>\n\n\n\n<li>Verwendung der Debian-Paketverwaltung<\/li>\n\n\n\n<li>Verwendung der RPM- und YUM-Paketverwaltung<\/li>\n<\/ul>\n\n\n\n<h2 class=\"wp-block-heading\">GNU- und Unix-Kommandos<\/h2>\n\n\n\n<ul class=\"wp-block-list\">\n<li>Arbeiten auf der Kommandozeile<\/li>\n\n\n\n<li>Verarbeiten von Textstr\u00f6men mit Filtern<\/li>\n\n\n\n<li>Grundlegende Dateiverwaltung<\/li>\n\n\n\n<li>Verwendung von Str\u00f6men, Pipes und Umleitungen<\/li>\n\n\n\n<li>Erzeugen, \u00dcberwachen und Beenden von Prozessen<\/li>\n\n\n\n<li>\u00c4ndern von Prozess-Ausf\u00fchrungspriorit\u00e4ten<\/li>\n\n\n\n<li>Durchsuchen von Textdateien mit regul\u00e4ren Ausdr\u00fccken<\/li>\n\n\n\n<li>Grundlegende Bearbeitung von Dateien mit dem vi-Editor<\/li>\n<\/ul>\n\n\n\n<h2 class=\"wp-block-heading\">Ger\u00e4te, Linux-Dateisysteme, Filesystem Hierarchy Standard<\/h2>\n\n\n\n<ul class=\"wp-block-list\">\n<li>Anlegen von Partitionen und Dateisystemen<\/li>\n\n\n\n<li>Sicherung der Integrit\u00e4t von Dateisystemen<\/li>\n\n\n\n<li>Steuern des Ein- und Aush\u00e4ngens von Dateisystemen<\/li>\n\n\n\n<li>Verwalten von Datei-Zugriffsrechten und -Eigent\u00fcmerschaft<\/li>\n\n\n\n<li>Anlegen und \u00c4ndern von harten und symbolischen Links<\/li>\n\n\n\n<li>Finden von Systemdateien und Platzieren von Dateien an den richtigen Orten<\/li>\n<\/ul>\n\n\n\n<h1 class=\"wp-block-heading\">Schulungsart<\/h1>\n\n\n\n<ul class=\"wp-block-list\">\n<li>Onlineschulung<\/li>\n<\/ul>\n\n\n\n<h1 class=\"wp-block-heading\">Datum<\/h1>\n\n\n\n<ul class=\"wp-block-list\">\n<li>29.01. &#8211; 02.02.2024<\/li>\n\n\n\n<li>11.03. &#8211; 15.03.2024<\/li>\n<\/ul>\n\n\n\n<h1 class=\"wp-block-heading\">Preis<\/h1>\n\n\n\n<ul class=\"wp-block-list\">\n<li>2250\u20ac zuz\u00fcgl. 19% USt. (= 2677.5\u20ac brutto)<\/li>\n<\/ul>\n\n\n\n<h1 class=\"wp-block-heading\">Anmeldung<\/h1>\n\n\n\n<p>Senden Sie f\u00fcr die Anmeldung eine E-Mail an <a href=\"mailto:schulung@xinux.de\">schulung@xinux.de<\/a> mit den gew\u00fcnschten Kurs und Termin<\/p>\n","protected":false},"excerpt":{"rendered":"<p>Lehrgangsdauer 5 Tage Zielgruppe Dieser Kurs richtet sich an: Voraussetzungen Teilnehmer sollten \u00fcber Folgendes verf\u00fcgen: Beschreibung Dieser Kurs bereitet die Teilnehmer auf die LPIC-1 (Linux Professional Institute Certification &#8211; Teil 1) Zertifizierung vor, die als anerkannter Standard f\u00fcr Linux-Profis gilt. Der Kurs behandelt alle erforderlichen Themen f\u00fcr die LPIC-1 101-Pr\u00fcfung und vermittelt umfassende Kenntnisse in [&hellip;]<\/p>\n","protected":false},"author":1,"featured_media":0,"parent":0,"menu_order":0,"comment_status":"closed","ping_status":"closed","template":"","meta":{"_monsterinsights_skip_tracking":false,"_monsterinsights_sitenote_active":false,"_monsterinsights_sitenote_note":"","_monsterinsights_sitenote_category":0,"footnotes":""},"class_list":["post-426","page","type-page","status-publish","hentry"],"aioseo_notices":[],"_links":{"self":[{"href":"https:\/\/xinux.de\/index.php?rest_route=\/wp\/v2\/pages\/426","targetHints":{"allow":["GET"]}}],"collection":[{"href":"https:\/\/xinux.de\/index.php?rest_route=\/wp\/v2\/pages"}],"about":[{"href":"https:\/\/xinux.de\/index.php?rest_route=\/wp\/v2\/types\/page"}],"author":[{"embeddable":true,"href":"https:\/\/xinux.de\/index.php?rest_route=\/wp\/v2\/users\/1"}],"replies":[{"embeddable":true,"href":"https:\/\/xinux.de\/index.php?rest_route=%2Fwp%2Fv2%2Fcomments&post=426"}],"version-history":[{"count":8,"href":"https:\/\/xinux.de\/index.php?rest_route=\/wp\/v2\/pages\/426\/revisions"}],"predecessor-version":[{"id":617,"href":"https:\/\/xinux.de\/index.php?rest_route=\/wp\/v2\/pages\/426\/revisions\/617"}],"wp:attachment":[{"href":"https:\/\/xinux.de\/index.php?rest_route=%2Fwp%2Fv2%2Fmedia&parent=426"}],"curies":[{"name":"wp","href":"https:\/\/api.w.org\/{rel}","templated":true}]}}