{"id":414,"date":"2023-10-04T16:16:38","date_gmt":"2023-10-04T14:16:38","guid":{"rendered":"https:\/\/www.xinux.de\/?page_id=414"},"modified":"2023-10-05T20:17:04","modified_gmt":"2023-10-05T18:17:04","slug":"linux","status":"publish","type":"page","link":"https:\/\/xinux.de\/?page_id=414","title":{"rendered":"Linux"},"content":{"rendered":"\n<p><\/p>\n\n\n\n<ul class=\"wp-block-list\">\n<li><strong>Professionelle Linux-Schulungen<\/strong>: Unsere Linux-Schulungsangebote sind darauf ausgerichtet, Fachleute und Systemadministratoren in die Welt des Open-Source-Betriebssystems Linux einzuf\u00fchren und vorhandene Kenntnisse zu vertiefen.<\/li>\n\n\n\n<li><strong>Umfassende Kursauswahl<\/strong>: Wir bieten eine breite Palette von Linux-Kursen an, die von Grundlagen f\u00fcr Einsteiger bis hin zu fortgeschrittenen Themen f\u00fcr erfahrene Techniker reichen. Sie k\u00f6nnen den Kurs ausw\u00e4hlen, der am besten zu Ihren Anforderungen passt.<\/li>\n\n\n\n<li><strong>Praktische Erfahrung<\/strong>: Unsere Schulungen legen gro\u00dfen Wert auf praktisches Lernen. Die Teilnehmer erhalten die M\u00f6glichkeit, in einer sicheren Umgebung mit echten Linux-Systemen zu arbeiten und das Gelernte sofort anzuwenden.<\/li>\n\n\n\n<li><strong>Erfahrene Dozenten<\/strong>: Unsere Dozenten sind erfahrene Linux-Experten mit umfangreicher praktischer Erfahrung. Sie sind engagiert, um sicherzustellen, dass die Teilnehmer ein tiefes Verst\u00e4ndnis f\u00fcr die behandelten Themen entwickeln.<\/li>\n\n\n\n<li><strong>Flexibles Schulungsformat<\/strong>: Unsere Schulungen sind sowohl als Pr\u00e4senzkurse als auch als Onlineschulungen verf\u00fcgbar. Sie k\u00f6nnen den Kurs w\u00e4hlen, der am besten zu Ihrem Zeitplan und Ihren Anforderungen passt.<\/li>\n\n\n\n<li><strong>Zertifizierungsm\u00f6glichkeiten<\/strong>: Wir bieten Kurse an, die auf bekannte Linux-Zertifizierungen vorbereiten. Dies erm\u00f6glicht unseren Teilnehmern, ihre F\u00e4higkeiten zu validieren und ihre beruflichen Chancen zu verbessern.<\/li>\n\n\n\n<li><strong>Kundenspezifische Schulungen<\/strong>: Neben unseren Standardkursen bieten wir auch ma\u00dfgeschneiderte Schulungsl\u00f6sungen f\u00fcr Unternehmen an. Diese k\u00f6nnen an die spezifischen Bed\u00fcrfnisse und Anforderungen angepasst werden.<\/li>\n\n\n\n<li><strong>Wachsende Linux-Community<\/strong>: Mit Linux als einem der beliebtesten Betriebssysteme weltweit ist die Linux-Community st\u00e4ndig im Wachstum. Unsere Schulungen helfen Ihnen dabei, Teil dieser dynamischen Community zu werden.<\/li>\n<\/ul>\n\n\n\n<p><\/p>\n\n\n\n<h2 class=\"wp-block-heading\">Schulungen<\/h2>\n\n\n\n<p><a href=\"https:\/\/xinux.de\/?page_id=403\" title=\"Linux Grundlagen\">Linux Grundlagen<\/a><\/p>\n\n\n\n<p><a href=\"https:\/\/xinux.de\/?page_id=406\" title=\"Linux-Administration\">Linux-Administration<\/a><\/p>\n\n\n\n<p><a href=\"https:\/\/xinux.de\/?page_id=412\" title=\"Linux Netzwerkdienste und Protokolle\">Netzwerkdienste und Protokolle<\/a><\/p>\n\n\n\n<p><a href=\"https:\/\/xinux.de\/?page_id=408\" title=\"Linux Netzwerkadministration und Sicherheit\">Netzwerkadministration und Sicherheit<\/a><\/p>\n\n\n\n<p><a href=\"https:\/\/xinux.de\/?page_id=420\" title=\"Kali Linux\">Kali Linux<\/a><\/p>\n\n\n\n<p><a href=\"https:\/\/xinux.de\/?page_id=423\" title=\"Linux Bash\">Linux Bash<\/a><\/p>\n\n\n\n<p><a href=\"https:\/\/xinux.de\/?page_id=426\" title=\"LPIC-1  Teil 101\">LPIC-1 Teil 101<\/a><\/p>\n\n\n\n<p><a href=\"https:\/\/xinux.de\/?page_id=429\" title=\"LPIC-1 Teil 102\">LPIC-2 Teil 102<\/a><\/p>\n\n\n\n<p><\/p>\n","protected":false},"excerpt":{"rendered":"<p>Schulungen Linux Grundlagen Linux-Administration Netzwerkdienste und Protokolle Netzwerkadministration und Sicherheit Kali Linux Linux Bash LPIC-1 Teil 101 LPIC-2 Teil 102<\/p>\n","protected":false},"author":1,"featured_media":0,"parent":0,"menu_order":0,"comment_status":"closed","ping_status":"closed","template":"","meta":{"_monsterinsights_skip_tracking":false,"_monsterinsights_sitenote_active":false,"_monsterinsights_sitenote_note":"","_monsterinsights_sitenote_category":0,"footnotes":""},"class_list":["post-414","page","type-page","status-publish","hentry"],"aioseo_notices":[],"_links":{"self":[{"href":"https:\/\/xinux.de\/index.php?rest_route=\/wp\/v2\/pages\/414","targetHints":{"allow":["GET"]}}],"collection":[{"href":"https:\/\/xinux.de\/index.php?rest_route=\/wp\/v2\/pages"}],"about":[{"href":"https:\/\/xinux.de\/index.php?rest_route=\/wp\/v2\/types\/page"}],"author":[{"embeddable":true,"href":"https:\/\/xinux.de\/index.php?rest_route=\/wp\/v2\/users\/1"}],"replies":[{"embeddable":true,"href":"https:\/\/xinux.de\/index.php?rest_route=%2Fwp%2Fv2%2Fcomments&post=414"}],"version-history":[{"count":3,"href":"https:\/\/xinux.de\/index.php?rest_route=\/wp\/v2\/pages\/414\/revisions"}],"predecessor-version":[{"id":571,"href":"https:\/\/xinux.de\/index.php?rest_route=\/wp\/v2\/pages\/414\/revisions\/571"}],"wp:attachment":[{"href":"https:\/\/xinux.de\/index.php?rest_route=%2Fwp%2Fv2%2Fmedia&parent=414"}],"curies":[{"name":"wp","href":"https:\/\/api.w.org\/{rel}","templated":true}]}}