{"id":398,"date":"2023-10-04T15:07:55","date_gmt":"2023-10-04T13:07:55","guid":{"rendered":"https:\/\/www.xinux.de\/?page_id=398"},"modified":"2023-10-13T09:52:32","modified_gmt":"2023-10-13T07:52:32","slug":"python-grundlagen","status":"publish","type":"page","link":"https:\/\/xinux.de\/?page_id=398","title":{"rendered":"Python &#8211; Grundlagen"},"content":{"rendered":"\n<h1 class=\"wp-block-heading\">Lehrgangsdauer<\/h1>\n\n\n\n<p>5 Tage<\/p>\n\n\n\n<h1 class=\"wp-block-heading\">Zielgruppe<\/h1>\n\n\n\n<ul class=\"wp-block-list\">\n<li>Systemadministratoren<\/li>\n\n\n\n<li>Einsteiger Programmierer<\/li>\n<\/ul>\n\n\n\n<h1 class=\"wp-block-heading\">Voraussetzungen<\/h1>\n\n\n\n<ul class=\"wp-block-list\">\n<li>grundlegender Umgang mit Computern<\/li>\n\n\n\n<li>RDP-Client<\/li>\n\n\n\n<li>2. Monitor<\/li>\n\n\n\n<li>Mikrofon<\/li>\n<\/ul>\n\n\n\n<h1 class=\"wp-block-heading\">Beschreibung<\/h1>\n\n\n\n<p>Es werden die Grundlagen der Programmierung mit Python vermittelt. Dazu geh\u00f6rt vorallem Wissen \u00fcber die Syntax, die Datentypen und bestimmte Schl\u00fcsselw\u00f6rter Die Teilnehmer lernen das benutzen von Bibliotheken und das Lesen derer Dokumentation. Ziel ist es am Ende n\u00fctzliche Skripte schreiben zu k\u00f6nnen, um wiederholte Arbeitsschritte zu automatisieren.<\/p>\n\n\n\n<h1 class=\"wp-block-heading\">Inhalte \/ Themen<\/h1>\n\n\n\n<ul class=\"wp-block-list\">\n<li><strong>Grundlagen:<\/strong> Installation, Entwicklungsumgebung und erste Schritte.<\/li>\n\n\n\n<li><strong>Variablen und Datentypen:<\/strong> Arbeiten mit Zahlen, Zeichenketten und mehr.<\/li>\n\n\n\n<li><strong>Bedingungen:<\/strong> Verzweigungen und logische Ausdr\u00fccke mit <code>if<\/code>, <code>elif<\/code> und <code>else<\/code>.<\/li>\n\n\n\n<li><strong>Schleifen:<\/strong> Verwendung von <code>for<\/code>&#8211; und <code>while<\/code>-Schleifen.<\/li>\n\n\n\n<li><strong>Listen:<\/strong> Erstellen, Bearbeiten und Durchlaufen von Listen.<\/li>\n\n\n\n<li><strong>Tupel:<\/strong> Unver\u00e4nderliche Datentypen \u00e4hnlich wie Listen.<\/li>\n\n\n\n<li><strong>Dictionaries:<\/strong> Schl\u00fcssel-Wert-Paare zur Organisation von Daten.<\/li>\n\n\n\n<li><strong>Funktionen:<\/strong> Erstellen und Aufrufen von Funktionen.<\/li>\n\n\n\n<li><strong>Parameter und Argumente:<\/strong> \u00dcbergeben von Werten an Funktionen.<\/li>\n\n\n\n<li><strong>Dateioperationen:<\/strong> Lesen und Schreiben von Dateien.<\/li>\n\n\n\n<li><strong>Ausnahmen:<\/strong> Umgang mit Fehlern und Ausnahmen.<\/li>\n\n\n\n<li><strong>Module:<\/strong> Importieren von Modulen und Erstellen eigener Module.<\/li>\n<\/ul>\n\n\n\n<h1 class=\"wp-block-heading\">Schulungsart<\/h1>\n\n\n\n<ul class=\"wp-block-list\">\n<li>Onlineschulung<\/li>\n<\/ul>\n\n\n\n<h1 class=\"wp-block-heading\">Datum<\/h1>\n\n\n\n<ul class=\"wp-block-list\">\n<li>20.05. &#8211; 24.05.2024<\/li>\n<\/ul>\n\n\n\n<h1 class=\"wp-block-heading\">Preis<\/h1>\n\n\n\n<ul class=\"wp-block-list\">\n<li>2250\u20ac zuz\u00fcgl. 19% USt. (= 2677.5\u20ac brutto)<\/li>\n<\/ul>\n\n\n\n<h2 class=\"wp-block-heading\">Anmeldung<\/h2>\n\n\n\n<p>Senden Sie f\u00fcr die Anmeldung eine E-Mail an <a href=\"mailto:schulung@xinux.de\">schulung@xinux.de<\/a> mit den gew\u00fcnschten Kurs und Termin<\/p>\n","protected":false},"excerpt":{"rendered":"<p>Lehrgangsdauer 5 Tage Zielgruppe Voraussetzungen Beschreibung Es werden die Grundlagen der Programmierung mit Python vermittelt. Dazu geh\u00f6rt vorallem Wissen \u00fcber die Syntax, die Datentypen und bestimmte Schl\u00fcsselw\u00f6rter Die Teilnehmer lernen das benutzen von Bibliotheken und das Lesen derer Dokumentation. Ziel ist es am Ende n\u00fctzliche Skripte schreiben zu k\u00f6nnen, um wiederholte Arbeitsschritte zu automatisieren. Inhalte [&hellip;]<\/p>\n","protected":false},"author":1,"featured_media":0,"parent":0,"menu_order":0,"comment_status":"closed","ping_status":"closed","template":"","meta":{"_monsterinsights_skip_tracking":false,"_monsterinsights_sitenote_active":false,"_monsterinsights_sitenote_note":"","_monsterinsights_sitenote_category":0,"footnotes":""},"class_list":["post-398","page","type-page","status-publish","hentry"],"aioseo_notices":[],"_links":{"self":[{"href":"https:\/\/xinux.de\/index.php?rest_route=\/wp\/v2\/pages\/398","targetHints":{"allow":["GET"]}}],"collection":[{"href":"https:\/\/xinux.de\/index.php?rest_route=\/wp\/v2\/pages"}],"about":[{"href":"https:\/\/xinux.de\/index.php?rest_route=\/wp\/v2\/types\/page"}],"author":[{"embeddable":true,"href":"https:\/\/xinux.de\/index.php?rest_route=\/wp\/v2\/users\/1"}],"replies":[{"embeddable":true,"href":"https:\/\/xinux.de\/index.php?rest_route=%2Fwp%2Fv2%2Fcomments&post=398"}],"version-history":[{"count":4,"href":"https:\/\/xinux.de\/index.php?rest_route=\/wp\/v2\/pages\/398\/revisions"}],"predecessor-version":[{"id":600,"href":"https:\/\/xinux.de\/index.php?rest_route=\/wp\/v2\/pages\/398\/revisions\/600"}],"wp:attachment":[{"href":"https:\/\/xinux.de\/index.php?rest_route=%2Fwp%2Fv2%2Fmedia&parent=398"}],"curies":[{"name":"wp","href":"https:\/\/api.w.org\/{rel}","templated":true}]}}