{"id":386,"date":"2023-10-04T14:42:26","date_gmt":"2023-10-04T12:42:26","guid":{"rendered":"https:\/\/www.xinux.de\/?page_id=386"},"modified":"2023-10-05T20:16:16","modified_gmt":"2023-10-05T18:16:16","slug":"it-grundlagen","status":"publish","type":"page","link":"https:\/\/xinux.de\/?page_id=386","title":{"rendered":"IT-Grundlagen"},"content":{"rendered":"\n<p><strong>Fundamentale Schulungen f\u00fcr Ihren Erfolg<\/strong><\/p>\n\n\n\n<p>Bei Xinux verstehen wir, dass eine solide Grundlage der Schl\u00fcssel zu einer erfolgreichen IT-Karriere ist. Deshalb bieten wir eine breite Palette von Basis-Schulungen an, um sicherzustellen, dass Sie und Ihre Mitarbeiter \u00fcber das notwendige Wissen und die F\u00e4higkeiten verf\u00fcgen, um in der sich st\u00e4ndig weiterentwickelnden Welt der Informationstechnologie erfolgreich zu sein.<\/p>\n\n\n\n<h2 class=\"wp-block-heading\">Schulungen<\/h2>\n\n\n\n<p><a href=\"https:\/\/xinux.de\/?page_id=379\" title=\"Technik der Netze \u2013 Grundlagen\">Technik der Netze<\/a><\/p>\n\n\n\n<p><a href=\"https:\/\/xinux.de\/?page_id=389\" title=\"IPv6 Grundlagen\">IPV6 Grundlagen<\/a><\/p>\n\n\n\n<p><a href=\"https:\/\/xinux.de\/?page_id=398\" title=\"Python \u2013 Grundlagen\">Python-Grundlagen<\/a><\/p>\n","protected":false},"excerpt":{"rendered":"<p>Fundamentale Schulungen f\u00fcr Ihren Erfolg Bei Xinux verstehen wir, dass eine solide Grundlage der Schl\u00fcssel zu einer erfolgreichen IT-Karriere ist. Deshalb bieten wir eine breite Palette von Basis-Schulungen an, um sicherzustellen, dass Sie und Ihre Mitarbeiter \u00fcber das notwendige Wissen und die F\u00e4higkeiten verf\u00fcgen, um in der sich st\u00e4ndig weiterentwickelnden Welt der Informationstechnologie erfolgreich zu [&hellip;]<\/p>\n","protected":false},"author":1,"featured_media":0,"parent":0,"menu_order":0,"comment_status":"closed","ping_status":"closed","template":"","meta":{"_monsterinsights_skip_tracking":false,"_monsterinsights_sitenote_active":false,"_monsterinsights_sitenote_note":"","_monsterinsights_sitenote_category":0,"footnotes":""},"class_list":["post-386","page","type-page","status-publish","hentry"],"aioseo_notices":[],"_links":{"self":[{"href":"https:\/\/xinux.de\/index.php?rest_route=\/wp\/v2\/pages\/386","targetHints":{"allow":["GET"]}}],"collection":[{"href":"https:\/\/xinux.de\/index.php?rest_route=\/wp\/v2\/pages"}],"about":[{"href":"https:\/\/xinux.de\/index.php?rest_route=\/wp\/v2\/types\/page"}],"author":[{"embeddable":true,"href":"https:\/\/xinux.de\/index.php?rest_route=\/wp\/v2\/users\/1"}],"replies":[{"embeddable":true,"href":"https:\/\/xinux.de\/index.php?rest_route=%2Fwp%2Fv2%2Fcomments&post=386"}],"version-history":[{"count":4,"href":"https:\/\/xinux.de\/index.php?rest_route=\/wp\/v2\/pages\/386\/revisions"}],"predecessor-version":[{"id":570,"href":"https:\/\/xinux.de\/index.php?rest_route=\/wp\/v2\/pages\/386\/revisions\/570"}],"wp:attachment":[{"href":"https:\/\/xinux.de\/index.php?rest_route=%2Fwp%2Fv2%2Fmedia&parent=386"}],"curies":[{"name":"wp","href":"https:\/\/api.w.org\/{rel}","templated":true}]}}