{"id":383,"date":"2023-10-04T14:36:30","date_gmt":"2023-10-04T12:36:30","guid":{"rendered":"https:\/\/www.xinux.de\/?page_id=383"},"modified":"2023-10-05T20:15:21","modified_gmt":"2023-10-05T18:15:21","slug":"it-schulungen","status":"publish","type":"page","link":"https:\/\/xinux.de\/?page_id=383","title":{"rendered":"IT-Schulungen"},"content":{"rendered":"\n<h1 class=\"wp-block-heading\"><br>IT-Training<\/h1>\n\n\n\n<p>Xinux bietet Ihnen eine gro\u00dfe Auswahl an Schulungsthemen rund um die Bereiche OpenSource, Netzwerke und Sicherheit an. Vom Einsteigerkurs bis zu fortgeschrittenen Systemadministrationsschulungen finden Sie bei uns immer den passenden Kurs um sich und Ihre Mitarbeiter durch Weiterbildung von der Konkurrenz abzusetzen.<\/p>\n\n\n\n<h2 class=\"wp-block-heading\"><strong>Individuell<\/strong><\/h2>\n\n\n\n<p>Durch unsere gro\u00dfe Erfahrung in der IT und langj\u00e4hrige Schulungserfahrung sind wir selbstverst\u00e4ndlich in der Lage unsere Schulungen individuell an Ihr Unternehmen und seine speziellen Bed\u00fcrfnisse anzupassen. Da wir konsequent auf kleine Schulungsgruppen setzen ist es in der Regel sogar m\u00f6glich w\u00e4hrend der Kurse neue oder andere Schwerpunkte zu setzen.<\/p>\n\n\n\n<h2 class=\"wp-block-heading\"><strong>Flexibel<\/strong><\/h2>\n\n\n\n<p>Wir sind nicht auf eine bestimmte Distribution festgelegt und richten uns hier gerne nach Ihren W\u00fcnschen. Die Schulungsdauer richtet sich nach Ihren Anforderungen.<\/p>\n\n\n\n<h2 class=\"wp-block-heading\"><strong>Aus der Praxis<\/strong><\/h2>\n\n\n\n<p>Wir entwickeln alle unsere Schulungen selbst und dies in der Regel schon w\u00e4hrend wir ein neues Produkt einf\u00fchren oder ein gro\u00dfes Projekt durchf\u00fchren. Unsere Schulungen werden auch von den Mitarbeitern gehalten, die die Schulungen mitentwickelt haben. Dadurch k\u00f6nnen wir einen gr\u00f6\u00dftm\u00f6glichen Praxisbezug herstellen und Sie k\u00f6nnen von den Erfahrungen unsrer Mitarbeiter direkt profitieren.<\/p>\n\n\n\n<h2 class=\"wp-block-heading\">Schulungen<\/h2>\n\n\n\n<ul class=\"wp-block-list\">\n<li><a href=\"https:\/\/xinux.de\/?page_id=386\" title=\"IT-Grundlagen\">IT-Grundlagen<\/a><\/li>\n\n\n\n<li><a href=\"https:\/\/xinux.de\/?page_id=414\" title=\"Linux\">Linux<\/a><\/li>\n\n\n\n<li><a href=\"https:\/\/xinux.de\/?page_id=433\" title=\"Virtualisierung\">Virtualisierung<\/a><\/li>\n\n\n\n<li><a href=\"https:\/\/xinux.de\/?page_id=447\" title=\"Security\">Security<\/a><\/li>\n\n\n\n<li><a href=\"https:\/\/xinux.de\/?page_id=502\" title=\"Workshops\">Workshops<\/a><\/li>\n<\/ul>\n","protected":false},"excerpt":{"rendered":"<p>IT-Training Xinux bietet Ihnen eine gro\u00dfe Auswahl an Schulungsthemen rund um die Bereiche OpenSource, Netzwerke und Sicherheit an. Vom Einsteigerkurs bis zu fortgeschrittenen Systemadministrationsschulungen finden Sie bei uns immer den passenden Kurs um sich und Ihre Mitarbeiter durch Weiterbildung von der Konkurrenz abzusetzen. Individuell Durch unsere gro\u00dfe Erfahrung in der IT und langj\u00e4hrige Schulungserfahrung sind [&hellip;]<\/p>\n","protected":false},"author":1,"featured_media":0,"parent":0,"menu_order":0,"comment_status":"closed","ping_status":"closed","template":"","meta":{"_monsterinsights_skip_tracking":false,"_monsterinsights_sitenote_active":false,"_monsterinsights_sitenote_note":"","_monsterinsights_sitenote_category":0,"footnotes":""},"class_list":["post-383","page","type-page","status-publish","hentry"],"aioseo_notices":[],"_links":{"self":[{"href":"https:\/\/xinux.de\/index.php?rest_route=\/wp\/v2\/pages\/383","targetHints":{"allow":["GET"]}}],"collection":[{"href":"https:\/\/xinux.de\/index.php?rest_route=\/wp\/v2\/pages"}],"about":[{"href":"https:\/\/xinux.de\/index.php?rest_route=\/wp\/v2\/types\/page"}],"author":[{"embeddable":true,"href":"https:\/\/xinux.de\/index.php?rest_route=\/wp\/v2\/users\/1"}],"replies":[{"embeddable":true,"href":"https:\/\/xinux.de\/index.php?rest_route=%2Fwp%2Fv2%2Fcomments&post=383"}],"version-history":[{"count":2,"href":"https:\/\/xinux.de\/index.php?rest_route=\/wp\/v2\/pages\/383\/revisions"}],"predecessor-version":[{"id":569,"href":"https:\/\/xinux.de\/index.php?rest_route=\/wp\/v2\/pages\/383\/revisions\/569"}],"wp:attachment":[{"href":"https:\/\/xinux.de\/index.php?rest_route=%2Fwp%2Fv2%2Fmedia&parent=383"}],"curies":[{"name":"wp","href":"https:\/\/api.w.org\/{rel}","templated":true}]}}