{"id":379,"date":"2023-10-04T14:25:53","date_gmt":"2023-10-04T12:25:53","guid":{"rendered":"https:\/\/www.xinux.de\/?page_id=379"},"modified":"2023-10-13T09:32:50","modified_gmt":"2023-10-13T07:32:50","slug":"technik-der-netze-grundlagen","status":"publish","type":"page","link":"https:\/\/xinux.de\/?page_id=379","title":{"rendered":"Grundlagen der Netzwerktechnik"},"content":{"rendered":"\n<h1 class=\"wp-block-heading\">Lehrgangsdauer<\/h1>\n\n\n\n<p>5 Tage<\/p>\n\n\n\n<h1 class=\"wp-block-heading\">Zielgruppe<\/h1>\n\n\n\n<p>Nutzerbetreuer und Personal das zuk\u00fcnftig in der Administration eingesetzt werden soll, die einen Einstieg in die Netzwerktechnik ben\u00f6tigen<\/p>\n\n\n\n<h1 class=\"wp-block-heading\">Voraussetzungen<\/h1>\n\n\n\n<p>grundlegender Umgang mit Computern<\/p>\n\n\n\n<h1 class=\"wp-block-heading\">Beschreibung<\/h1>\n\n\n\n<p>Die Teilnehmer erlernen die Grundlagen der Netzwerktechnik und verstehen den Ablauf der Kommunikation zwischen Computern. Vorallem geht es hierbei um die Vermittelung des ISO\/OSI-Modells und dessen Implementation als gekapselte Schichten im Datenpaket. Auch wird der richtige Einsatz von verschiedenen Hardwarekomponenten erkl\u00e4rt, damit Sie am Ende der Schulung ein Netzwerk mit statischen Routing-Eintr\u00e4gen aufbauen k\u00f6nnen.<\/p>\n\n\n\n<h1 class=\"wp-block-heading\">Inhalte \/ Themen<\/h1>\n\n\n\n<h2 class=\"wp-block-heading\">Grundlagen von Netzwerken<\/h2>\n\n\n\n<ul class=\"wp-block-list\">\n<li>Netzwerkkomponenten<\/li>\n\n\n\n<li>Netzwerkarten<\/li>\n\n\n\n<li>Topologien<\/li>\n\n\n\n<li>Netzmodelle<\/li>\n\n\n\n<li>ISO\/OSI<\/li>\n\n\n\n<li>TCP\/IP<\/li>\n<\/ul>\n\n\n\n<h2 class=\"wp-block-heading\">Ethernet<\/h2>\n\n\n\n<ul class=\"wp-block-list\">\n<li>Arbeitsweise, Ethernet Header<\/li>\n\n\n\n<li>Verkabelung<\/li>\n\n\n\n<li>Ethernet Standards<\/li>\n<\/ul>\n\n\n\n<h2 class=\"wp-block-heading\">Grundlagen Switching<\/h2>\n\n\n\n<ul class=\"wp-block-list\">\n<li>MAC-Adresse<\/li>\n\n\n\n<li>Broadcast Domain<\/li>\n\n\n\n<li>Collision Domain<\/li>\n\n\n\n<li>Uni-\/Multicast<\/li>\n\n\n\n<li>Loop Prevention<\/li>\n<\/ul>\n\n\n\n<h2 class=\"wp-block-heading\">IP-Protokoll<\/h2>\n\n\n\n<ul class=\"wp-block-list\">\n<li>IP- Header<\/li>\n\n\n\n<li>IPv4 Adressierung<\/li>\n\n\n\n<li>Subnetting, VLSM, Supernetting<\/li>\n<\/ul>\n\n\n\n<h2 class=\"wp-block-heading\">Grundlagen Routing<\/h2>\n\n\n\n<ul class=\"wp-block-list\">\n<li>Statisches Routing<\/li>\n\n\n\n<li>Dynamisches Routing<\/li>\n<\/ul>\n\n\n\n<h1 class=\"wp-block-heading\">Schulungsart<\/h1>\n\n\n\n<ul class=\"wp-block-list\">\n<li>Onlineschulung<\/li>\n<\/ul>\n\n\n\n<h1 class=\"wp-block-heading\">Datum<\/h1>\n\n\n\n<ul class=\"wp-block-list\">\n<li>05.02.2024<\/li>\n<\/ul>\n\n\n\n<h1 class=\"wp-block-heading\">Preis<\/h1>\n\n\n\n<ul class=\"wp-block-list\">\n<li>2000\u20ac zuz\u00fcgl. 19% USt. (= 2380\u20ac brutto)<\/li>\n<\/ul>\n\n\n\n<h2 class=\"wp-block-heading\">Anmeldung<\/h2>\n\n\n\n<p>Senden Sie f\u00fcr die Anmeldung eine E-Mail an <a href=\"mailto:schulung@xinux.de\">schulung@xinux.de<\/a> mit den gew\u00fcnschten Kurs und Termin<\/p>\n","protected":false},"excerpt":{"rendered":"<p>Lehrgangsdauer 5 Tage Zielgruppe Nutzerbetreuer und Personal das zuk\u00fcnftig in der Administration eingesetzt werden soll, die einen Einstieg in die Netzwerktechnik ben\u00f6tigen Voraussetzungen grundlegender Umgang mit Computern Beschreibung Die Teilnehmer erlernen die Grundlagen der Netzwerktechnik und verstehen den Ablauf der Kommunikation zwischen Computern. Vorallem geht es hierbei um die Vermittelung des ISO\/OSI-Modells und dessen Implementation [&hellip;]<\/p>\n","protected":false},"author":1,"featured_media":0,"parent":0,"menu_order":0,"comment_status":"closed","ping_status":"closed","template":"","meta":{"_monsterinsights_skip_tracking":false,"_monsterinsights_sitenote_active":false,"_monsterinsights_sitenote_note":"","_monsterinsights_sitenote_category":0,"footnotes":""},"class_list":["post-379","page","type-page","status-publish","hentry"],"aioseo_notices":[],"_links":{"self":[{"href":"https:\/\/xinux.de\/index.php?rest_route=\/wp\/v2\/pages\/379","targetHints":{"allow":["GET"]}}],"collection":[{"href":"https:\/\/xinux.de\/index.php?rest_route=\/wp\/v2\/pages"}],"about":[{"href":"https:\/\/xinux.de\/index.php?rest_route=\/wp\/v2\/types\/page"}],"author":[{"embeddable":true,"href":"https:\/\/xinux.de\/index.php?rest_route=\/wp\/v2\/users\/1"}],"replies":[{"embeddable":true,"href":"https:\/\/xinux.de\/index.php?rest_route=%2Fwp%2Fv2%2Fcomments&post=379"}],"version-history":[{"count":4,"href":"https:\/\/xinux.de\/index.php?rest_route=\/wp\/v2\/pages\/379\/revisions"}],"predecessor-version":[{"id":595,"href":"https:\/\/xinux.de\/index.php?rest_route=\/wp\/v2\/pages\/379\/revisions\/595"}],"wp:attachment":[{"href":"https:\/\/xinux.de\/index.php?rest_route=%2Fwp%2Fv2%2Fmedia&parent=379"}],"curies":[{"name":"wp","href":"https:\/\/api.w.org\/{rel}","templated":true}]}}