{"id":23,"date":"2015-01-19T22:36:20","date_gmt":"2015-01-19T21:36:20","guid":{"rendered":"http:\/\/www.xinux.net\/?page_id=23"},"modified":"2023-10-23T21:43:49","modified_gmt":"2023-10-23T19:43:49","slug":"impressum","status":"publish","type":"page","link":"https:\/\/xinux.de\/?page_id=23","title":{"rendered":"Impressum"},"content":{"rendered":"<div class=\"content\">\n<h1 class=\"csc-firstHeader\">xinux GmbH<\/h1>\n<p><b>Gesch\u00e4ftsf\u00fchrer Thomas Will<\/b><\/p>\n<p>Wichernstr. 18<br \/>\n66482 ZWEIBR\u00dcCKEN<\/p>\n<pre class=\"moz-signature\">Registergericht\nAmtsgericht Zweibr\u00fccken\nHRB 32679\n\n<\/pre>\n<p>Tel: 06332 44040<br \/>\nMail: <span id=\"cloak23851\"><a class=\"mail\" title=\"Xinux\" href=\"mailto:info@xinux.de\">info@xinux.de<\/a><\/span><br \/>\nWeb: <a class=\"internal-link\" title=\"Xinux\" href=\"https:\/\/www.xinux.com\/\">http:\/\/xinux.de<\/a><\/p>\n<h2>Haftungshinweis:<\/h2>\n<p>Trotz sorgf\u00e4ltiger inhaltlicher Kontrolle \u00fcbernehmen wir keine Haftung f\u00fcr die Inhalte externer Links.<\/p>\n<p>F\u00fcr den Inhalt der verlinkten Seiten sind ausschlie\u00dflich deren Betreiber verantwortlich.<\/p>\n<\/div>\n","protected":false},"excerpt":{"rendered":"<p>xinux GmbH Gesch\u00e4ftsf\u00fchrer Thomas Will Wichernstr. 18 66482 ZWEIBR\u00dcCKEN Registergericht Amtsgericht Zweibr\u00fccken HRB 32679 Tel: 06332 44040 Mail: info@xinux.de Web: http:\/\/xinux.de Haftungshinweis: Trotz sorgf\u00e4ltiger inhaltlicher Kontrolle \u00fcbernehmen wir keine Haftung f\u00fcr die Inhalte externer Links. F\u00fcr den Inhalt der verlinkten Seiten sind ausschlie\u00dflich deren Betreiber verantwortlich.<\/p>\n","protected":false},"author":1,"featured_media":0,"parent":0,"menu_order":0,"comment_status":"closed","ping_status":"closed","template":"","meta":{"_monsterinsights_skip_tracking":false,"_monsterinsights_sitenote_active":false,"_monsterinsights_sitenote_note":"","_monsterinsights_sitenote_category":0,"footnotes":""},"class_list":["post-23","page","type-page","status-publish","hentry"],"aioseo_notices":[],"_links":{"self":[{"href":"https:\/\/xinux.de\/index.php?rest_route=\/wp\/v2\/pages\/23","targetHints":{"allow":["GET"]}}],"collection":[{"href":"https:\/\/xinux.de\/index.php?rest_route=\/wp\/v2\/pages"}],"about":[{"href":"https:\/\/xinux.de\/index.php?rest_route=\/wp\/v2\/types\/page"}],"author":[{"embeddable":true,"href":"https:\/\/xinux.de\/index.php?rest_route=\/wp\/v2\/users\/1"}],"replies":[{"embeddable":true,"href":"https:\/\/xinux.de\/index.php?rest_route=%2Fwp%2Fv2%2Fcomments&post=23"}],"version-history":[{"count":4,"href":"https:\/\/xinux.de\/index.php?rest_route=\/wp\/v2\/pages\/23\/revisions"}],"predecessor-version":[{"id":635,"href":"https:\/\/xinux.de\/index.php?rest_route=\/wp\/v2\/pages\/23\/revisions\/635"}],"wp:attachment":[{"href":"https:\/\/xinux.de\/index.php?rest_route=%2Fwp%2Fv2%2Fmedia&parent=23"}],"curies":[{"name":"wp","href":"https:\/\/api.w.org\/{rel}","templated":true}]}}