{"id":10,"date":"2015-01-19T21:59:12","date_gmt":"2015-01-19T20:59:12","guid":{"rendered":"http:\/\/www.xinux.net\/?page_id=10"},"modified":"2023-10-13T09:47:03","modified_gmt":"2023-10-13T07:47:03","slug":"home","status":"publish","type":"page","link":"https:\/\/xinux.de\/","title":{"rendered":"Home"},"content":{"rendered":"<div>\n<h3><b class=\"subhead\">Unsere Schwerpunkte:<br \/>\n<\/b><\/h3>\n<ul>\n<li>Bereitstellung prozessneutraler Infrastrukturen,<\/li>\n<li>Implementierung und\u00a0 Betrieb von Anwendungen<\/li>\n<li>Anpassungen von Anwendungen an die individuellen Bed\u00fcrfnisse<\/li>\n<li>Netzwerksicherheit, Virtualisierung, Datenbanken<\/li>\n<li>Opensource<\/li>\n<\/ul>\n<h3><strong>Systeme:<\/strong><\/h3>\n<ul>\n<li>Linux<\/li>\n<li>Proxmox<\/li>\n<li>VMware<\/li>\n<li>FreeBSD<\/li>\n<li>IOS (Cisco)<\/li>\n<li>Sophos<\/li>\n<li>TrueNas<\/li>\n<li>pfSense<\/li>\n<\/ul>\n<h3><strong>Unsere Projektziele:<\/strong><\/h3>\n<ul>\n<li>Keine Vertragsbindungen mit dritten Parteien<\/li>\n<li>Verwendung von Standards und innovativer Technologie<\/li>\n<li>Leistungsf\u00e4hige und ausfallsichere Systeme<\/li>\n<li>Plattformunabh\u00e4ngigkeit, f\u00fcr maximale Skalierbarkeit<\/li>\n<\/ul>\n<\/div>\n<p><a title=\"Verweis zur Webpr\u00e4senz der Allianz f\u00fcr Cyber-Sicherheit\" href=\"https:\/\/www.allianz-fuer-cybersicherheit.de\"><img decoding=\"async\" src=\"https:\/\/www.xinux.de\/logos\/Logo_Allianz_fuer_Cyber-Sicherheit_Teilnehmer.jpg\" alt=\"Webpr\u00e4senz der Allianz f\u00fcr Cyber- Sicherheit\" \/><\/a><\/p>\n<div><\/div>\n","protected":false},"excerpt":{"rendered":"<p>Unsere Schwerpunkte: Bereitstellung prozessneutraler Infrastrukturen, Implementierung und\u00a0 Betrieb von Anwendungen Anpassungen von Anwendungen an die individuellen Bed\u00fcrfnisse Netzwerksicherheit, Virtualisierung, Datenbanken Opensource Systeme: Linux Proxmox VMware FreeBSD IOS (Cisco) Sophos TrueNas pfSense Unsere Projektziele: Keine Vertragsbindungen mit dritten Parteien Verwendung von Standards und innovativer Technologie Leistungsf\u00e4hige und ausfallsichere Systeme Plattformunabh\u00e4ngigkeit, f\u00fcr maximale Skalierbarkeit<\/p>\n","protected":false},"author":1,"featured_media":0,"parent":0,"menu_order":0,"comment_status":"closed","ping_status":"closed","template":"","meta":{"_monsterinsights_skip_tracking":false,"_monsterinsights_sitenote_active":false,"_monsterinsights_sitenote_note":"","_monsterinsights_sitenote_category":0,"footnotes":""},"class_list":["post-10","page","type-page","status-publish","hentry"],"aioseo_notices":[],"_links":{"self":[{"href":"https:\/\/xinux.de\/index.php?rest_route=\/wp\/v2\/pages\/10","targetHints":{"allow":["GET"]}}],"collection":[{"href":"https:\/\/xinux.de\/index.php?rest_route=\/wp\/v2\/pages"}],"about":[{"href":"https:\/\/xinux.de\/index.php?rest_route=\/wp\/v2\/types\/page"}],"author":[{"embeddable":true,"href":"https:\/\/xinux.de\/index.php?rest_route=\/wp\/v2\/users\/1"}],"replies":[{"embeddable":true,"href":"https:\/\/xinux.de\/index.php?rest_route=%2Fwp%2Fv2%2Fcomments&post=10"}],"version-history":[{"count":1,"href":"https:\/\/xinux.de\/index.php?rest_route=\/wp\/v2\/pages\/10\/revisions"}],"predecessor-version":[{"id":597,"href":"https:\/\/xinux.de\/index.php?rest_route=\/wp\/v2\/pages\/10\/revisions\/597"}],"wp:attachment":[{"href":"https:\/\/xinux.de\/index.php?rest_route=%2Fwp%2Fv2%2Fmedia&parent=10"}],"curies":[{"name":"wp","href":"https:\/\/api.w.org\/{rel}","templated":true}]}}